{"id":26,"date":"2016-03-30T14:01:21","date_gmt":"2016-03-30T14:01:21","guid":{"rendered":"https:\/\/atangatchiffoandcolaw.com\/live\/?page_id=26"},"modified":"2026-02-19T09:38:41","modified_gmt":"2026-02-19T09:38:41","slug":"about-us","status":"publish","type":"page","link":"https:\/\/atangatchiffoandcolaw.com\/live\/about-us\/","title":{"rendered":"About Us"},"content":{"rendered":"<p>The Judicial sphere or sector of Cameroon, Africa and the world at large cherishes the practice of specialized and experienced lawyers \/ attorneys who are its inevitable actors.<\/p>\n<p><strong>ATANGA-TCHIFFO &amp; CO LAW OFFICE<\/strong>, is a conglomeration of knowledgeable practitioners and actors who animate the judiciary of Africa and Cameroon in particular representing clients of all walks of life the world over. <strong>ATANGA-TCHIFFO &amp; CO LAW OFFICE<\/strong> is grounded in several branches of law ranging from General Commercial Practice to Intellectual Property Law and Taxation Consultancies. We are glad and appreciate the attention you have accorded us by visiting our website. We shall be further pleased and honoured serving you if given the opportunity.<\/p>\n<p>&nbsp;<\/p>\n<hr \/>\n<hr \/>\n<p>&nbsp;<\/p>\n<h3><strong>\u00c0 propos de nous<\/strong><\/h3>\n<p>La sph\u00e8re ou le secteur judiciaire du Cameroun, de l\u2019Afrique et du monde en g\u00e9n\u00e9ral ch\u00e9rit la pratique des avocats sp\u00e9cialis\u00e9 et exp\u00e9riment\u00e9s qui sont ses acteurs in\u00e9vitables.<\/p>\n<p><strong>ATANGA-TCHIFFO &amp; CO LAW OFFICE<\/strong>, abr\u00e9g\u00e9 ATCLO est une conglom\u00e9ration de praticiens et d\u2019acteurs reconnaissables qui animent le pouvoir judiciaire de l\u2019Afrique et du Cameroun en particulier repr\u00e9sentant des clients de tous horizons dans le monde entier. ATCLO est ancr\u00e9 sur plusieurs branches de droit allant de la pratique commerciale g\u00e9n\u00e9rale \u00e0 la loi sur la propri\u00e9t\u00e9 intellectuelle et les consultants fiscaux. Nous sommes heureux et appr\u00e9cions l\u2019attention que vous nous avez accord\u00e9e en visitant notre site web. Nous serons plus satisfaits et honor\u00e9s de vous servir si nous en avons l\u2019occasion.<\/p>\n","protected":false},"excerpt":{"rendered":"<p>The Judicial sphere or sector of Cameroon, Africa and the world at large cherishes the practice of specialized and experienced lawyers \/ attorneys who are its inevitable actors. ATANGA-TCHIFFO &amp; CO LAW OFFICE, is a conglomeration of knowledgeable practitioners and actors who animate the judiciary of Africa and Cameroon in particular representing clients of all&#8230; <\/p>\n","protected":false},"author":1,"featured_media":0,"parent":0,"menu_order":0,"comment_status":"closed","ping_status":"closed","template":"","meta":{"footnotes":""},"class_list":["post-26","page","type-page","status-publish","hentry"],"_links":{"self":[{"href":"https:\/\/atangatchiffoandcolaw.com\/live\/wp-json\/wp\/v2\/pages\/26","targetHints":{"allow":["GET"]}}],"collection":[{"href":"https:\/\/atangatchiffoandcolaw.com\/live\/wp-json\/wp\/v2\/pages"}],"about":[{"href":"https:\/\/atangatchiffoandcolaw.com\/live\/wp-json\/wp\/v2\/types\/page"}],"author":[{"embeddable":true,"href":"https:\/\/atangatchiffoandcolaw.com\/live\/wp-json\/wp\/v2\/users\/1"}],"replies":[{"embeddable":true,"href":"https:\/\/atangatchiffoandcolaw.com\/live\/wp-json\/wp\/v2\/comments?post=26"}],"version-history":[{"count":6,"href":"https:\/\/atangatchiffoandcolaw.com\/live\/wp-json\/wp\/v2\/pages\/26\/revisions"}],"predecessor-version":[{"id":179,"href":"https:\/\/atangatchiffoandcolaw.com\/live\/wp-json\/wp\/v2\/pages\/26\/revisions\/179"}],"wp:attachment":[{"href":"https:\/\/atangatchiffoandcolaw.com\/live\/wp-json\/wp\/v2\/media?parent=26"}],"curies":[{"name":"wp","href":"https:\/\/api.w.org\/{rel}","templated":true}]}}