{"id":2,"date":"2016-03-23T10:21:57","date_gmt":"2016-03-23T10:21:57","guid":{"rendered":"https:\/\/atangatchiffoandcolaw.com\/live\/?page_id=2"},"modified":"2026-02-19T10:15:44","modified_gmt":"2026-02-19T10:15:44","slug":"sample-page","status":"publish","type":"page","link":"https:\/\/atangatchiffoandcolaw.com\/live\/sample-page\/","title":{"rendered":"FIRM\u2019S PROFILE"},"content":{"rendered":"<p style=\"text-align: left;\"><strong>ATANGA-TCHIFFO &amp; CO LAW OFFICE,<\/strong> formally <strong>ATANGA LAW OFFICE<\/strong>, was established in June 2008 by knowledgeable Solicitors and Advocates of the Cameroon, Nigeria &amp; East Africa Bar Associations with experience gathered from other firms in Cameroon and abroad. Its partners boast of sound academic training in national and foreign law schools. As a full service law firm, <strong>ATANGA-TCHIFFO &amp; CO LAW OFFICE<\/strong> offers a wide range of legal services largely appreciated by its clients. Though young, its partners are smart and experienced having practised in other firms in Cameroon for at least a decade. As a bilingual law practice in a bi-jural system, <strong>ATANGA-TCHIFFO &amp; CO LAW OFFICE<\/strong> concentrates on International Commercial and General Corporate Law grounded in the harmonized laws of the Organisation for the Harmonisation of Business laws in Africa (OHADA). Other branches of practice include Intellectual Property law, Investment law, Mining law, Consumer Rights Protection law, Banking, Finance and Insurance, Maritime Transactions, Taxation law, Civil Aviation &amp; Aerospace, International Trade, Due Diligence in all the mentioned branches of law, Privatisation, Capital Market, Incorporation under OHADA, Telecommunications, Arbitration (OHADA), Natural Resources, Environmental Law, Debt recovery, Labour and Trade Relations. We also do a great deal of civil and criminal matters in our local tribunals.<\/p>\n<p>&nbsp;<\/p>\n<p>With a wide-range full service practice, <strong>ATANGA-TCHIFFO &amp; CO LAW OFFICE<\/strong> has developed a comprehensive modern law department that utilizes the state-of-the-art technology. The firm\u2019s general practice portfolio includes litigation in civil and criminal matters. Being well versed with the legislation regulating business activities in the Economic community of Central African states (CEMAC) sub-region and beyond to the countries where the OHADA Uniform Acts and the Regional Insurance (CIMA) Code are applicable. <img loading=\"lazy\" decoding=\"async\" class=\"wp-image-160 size-medium alignleft\" src=\"https:\/\/atangatchiffoandcolaw.com\/live\/wp-content\/uploads\/2025\/08\/logo_ata_tchifo2-300x239.jpg\" alt=\"\" width=\"300\" height=\"239\" srcset=\"https:\/\/atangatchiffoandcolaw.com\/live\/wp-content\/uploads\/2025\/08\/logo_ata_tchifo2-300x239.jpg 300w, https:\/\/atangatchiffoandcolaw.com\/live\/wp-content\/uploads\/2025\/08\/logo_ata_tchifo2.jpg 382w\" sizes=\"auto, (max-width: 300px) 100vw, 300px\" \/><\/p>\n<p>&nbsp;<\/p>\n<p>Our firm represents clients from several countries. Our mastery of the English and French languages enables us to communicate complex concepts to the firm\u2019s clientele and to interpret French or English statutes easily.<\/p>\n<p>In the last two decades, <strong>ATANGA-TCHIFFO &amp; CO LAW OFFICE<\/strong> has represented and diligently assisted countless physical and moral clients before our local courts in many law related aspects, be they criminal or civil. Besides, the firm has incorporated several companies in Cameroon, carried out due diligence for foreign investors, credit transactions, loan syndication and assignment, legal audit of pro-forma contracts, registration and deregistration of aircraft in the Cameroon Civil Aviation Authority (CCAA) and conducted searches in the aircraft registry of the CCAA. We have equally counseled clients in research on legal problems related to secure lending in Cameroon. We regularly assist clients in effecting mortgages, interpretation and implementation of surety bonds and the realisation of business pledges, satellite and earth station surveys, encryption surveys and, money transfer regulatory environment review.\u00a0\u00a0\u00a0\u00a0\u00a0\u00a0\u00a0\u00a0 We carry out consultancy assignments on forestry exploitation, diamond exploitation, employee share plans, restructuring and rights under share plans, withholding and tax obligations regarding employees, restructuring of companies.<\/p>\n<p>&nbsp;<\/p>\n<p><strong>ATANGA-TCHIFFO &amp; CO LAW OFFICE<\/strong> (<a href=\"https:\/\/atangaip.com\/\">SCP ATANGA IP<\/a>) is also licensed by the African Intellectual Property Organisation (OAPI) to practice as Intellectual Property Law consultants. In this regard, the firm has registered thousands of trade marks, service marks, designs, new plant varieties, trade names, utility models and patents at OAPI. Intellectual Property related litigation such as invalidation proceedings against trade marks and all other infringement proceedings before our courts are regular legal services on our menu.<\/p>\n<p>&nbsp;<\/p>\n<hr \/>\n<hr \/>\n<h2><\/h2>\n<h2>PROFILE DU CABINET<\/h2>\n<p>ATANGA-TCHIFFO &amp; CO LAW OFFICE pr\u00e9c\u00e9demment ATANGA LAW OFFICE a \u00e9t\u00e9 \u00e9tablit en Juin 2008 par des avocats comp\u00e9tent du barreaux du Cameroun, Nigeria et Afrique de l&#8217;Est avec une exp\u00e9rience acquise dans d\u2019autres cabinets au Cameroun et \u00e0 l\u2019\u00e9tranger. Ses partenaires disposent d\u2019une solide formation acad\u00e9mique dans des \u00e9coles de droit nationales et \u00e9trang\u00e8res.<\/p>\n<p>En tant que cabinet d\u2019avocats \u00e0 service complet, ATCLO propose une large gamme de services juridiques largement appr\u00e9ci\u00e9 par ses clients. Ses associ\u00e9s sont intelligents et exp\u00e9riment\u00e9s ayant exerc\u00e9 dans d\u2019autres cabinets au Cameroun. En tant que cabinet d\u2019avocats bilingue dans un syst\u00e8me bi juridique, ATCLO se concentre sur le droit commercial international, le droit g\u00e9n\u00e9ral des soci\u00e9t\u00e9s fond\u00e9 sur les lois de l\u2019organisation pour l\u2019harmonisation en Afrique du droit des affaires (OHADA), le droit de la propri\u00e9t\u00e9 intellectuelle, le droit des investissement, le droit minier, le droit de la protection des consommateurs, la banque, finance, assurance, transactions maritime, droit fiscal, aviation civile &amp; a\u00e9ronautique, commerce international, diligence raisonnable dans toutes les branches du droit mentionn\u00e9s, privatisation, march\u00e9 des capitaux, nous proposons des services d\u2019incorporation sous L\u2019OHADA, t\u00e9l\u00e9communications, arbitrage (OHADA), ressources naturelles, droit de l\u2019environnement, recouvrement de cr\u00e9ances, droit du travail et relations commerciales.<\/p>\n<p>Nous traitons \u00e9galement de nombreuses affaires civiles et p\u00e9nales devant les tribunaux locaux.<\/p>\n<p>Dot\u00e9 d\u2019une pratique g\u00e9n\u00e9rale compl\u00e8te et diversifi\u00e9e, ATANGA-TCHIFFO &amp; CO LAW OFFICE a d\u00e9velopp\u00e9 un d\u00e9partement juridique moderne et structur\u00e9, faisant usage des technologies de pointe. Le portefeuille de pratique g\u00e9n\u00e9rale du cabinet comprend le contentieux en mati\u00e8re civile et p\u00e9nale. Le cabinet dispose d\u2019une parfaite ma\u00eetrise des textes l\u00e9gislatifs r\u00e9gissant les activit\u00e9s commerciales dans la sous-r\u00e9gion de la Communaut\u00e9 \u00c9conomique et Mon\u00e9taire de l\u2019Afrique Centrale (CEMAC), ainsi que dans les \u00c9tats o\u00f9 s\u2019appliquent les Actes uniformes de l\u2019OHADA et le Code des Assurances CIMA.<\/p>\n<p>Le cabinet repr\u00e9sente des clients issus de plusieurs pays. Sa parfaite ma\u00eetrise des langues anglaise et fran\u00e7aise lui permet de communiquer ais\u00e9ment des concepts juridiques complexes \u00e0 sa client\u00e8le et d\u2019interpr\u00e9ter avec rigueur les textes l\u00e9gislatifs r\u00e9dig\u00e9s dans l\u2019une ou l\u2019autre langue.<img loading=\"lazy\" decoding=\"async\" class=\" wp-image-186 alignright\" src=\"https:\/\/atangatchiffoandcolaw.com\/live\/wp-content\/uploads\/2026\/02\/Home_ok04-274x300.jpg\" alt=\"\" width=\"355\" height=\"383\" \/><\/p>\n<p>Au cours des deux derni\u00e8res d\u00e9cennies, ATANGA-TCHIFFO &amp; CO LAW OFFICE a repr\u00e9sent\u00e9 et assist\u00e9 avec diligence de nombreux clients, personnes physiques et morales, devant les juridictions nationales, tant en mati\u00e8re civile que p\u00e9nale. Le cabinet a \u00e9galement proc\u00e9d\u00e9 \u00e0 la constitution de plusieurs soci\u00e9t\u00e9s au Cameroun, men\u00e9 des op\u00e9rations de due diligence pour des investisseurs \u00e9trangers, assist\u00e9 dans des op\u00e9rations de cr\u00e9dit, de syndication de pr\u00eats et de cession de cr\u00e9ances, r\u00e9alis\u00e9 des audits juridiques de contrats pro forma, assur\u00e9 l\u2019immatriculation et la radiation d\u2019a\u00e9ronefs aupr\u00e8s de la \u00ab Cameroon Civil Aviation Authority \u00bb (CCAA), ainsi que des recherches au registre des a\u00e9ronefs de ladite autorit\u00e9.<\/p>\n<p>Le cabinet conseille \u00e9galement ses clients dans des recherches juridiques relatives au financement s\u00e9curis\u00e9 au Cameroun. Il assiste r\u00e9guli\u00e8rement ses clients dans la mise en place de garanties hypoth\u00e9caires, l\u2019interpr\u00e9tation et la mise en \u0153uvre de cautionnements, la r\u00e9alisation de nantissements commerciaux, les \u00e9tudes de stations satellites et stations terriennes, les audits de syst\u00e8mes de chiffrement, ainsi que l\u2019analyse de l\u2019environnement r\u00e9glementaire des transferts de fonds.<\/p>\n<p>Le cabinet r\u00e9alise par ailleurs des missions de conseil en mati\u00e8re d\u2019exploitation foresti\u00e8re, d\u2019exploitation diamantif\u00e8re, de plans d\u2019actionnariat salari\u00e9, de restructuration d\u2019entreprises, de droits li\u00e9s aux plans d\u2019actionnariat, de retenues et obligations fiscales relatives aux employ\u00e9s, ainsi que de restructuration de soci\u00e9t\u00e9s.<\/p>\n<p>ATANGA-TCHIFFO &amp; CO LAW OFFICE (<a href=\"https:\/\/atangaip.com\/\">SCP ATANGA IP<\/a>) est \u00e9galement agr\u00e9\u00e9 par l\u2019Organisation Africaine de la Propri\u00e9t\u00e9 Intellectuelle (OAPI) en qualit\u00e9 de conseil en propri\u00e9t\u00e9 intellectuelle. \u00c0 ce titre, le cabinet a proc\u00e9d\u00e9 \u00e0 l\u2019enregistrement de milliers marques de produits et de services, dessins et mod\u00e8les industriels, nouvelles vari\u00e9t\u00e9s v\u00e9g\u00e9tales, noms commerciaux, mod\u00e8les d\u2019utilit\u00e9 et brevets aupr\u00e8s de l\u2019OAPI. Le contentieux de la propri\u00e9t\u00e9 intellectuelle, notamment les actions en nullit\u00e9 de marques et toutes proc\u00e9dures relatives \u00e0 la contrefa\u00e7on devant les juridictions nationales, constitue une part importante des services juridiques propos\u00e9s par le cabinet.<\/p>\n","protected":false},"excerpt":{"rendered":"<p>ATANGA-TCHIFFO &amp; CO LAW OFFICE, formally ATANGA LAW OFFICE, was established in June 2008 by knowledgeable Solicitors and Advocates of the Cameroon, Nigeria &amp; East Africa Bar Associations with experience gathered from other firms in Cameroon and abroad. Its partners boast of sound academic training in national and foreign law schools. As a full service&#8230; <\/p>\n","protected":false},"author":1,"featured_media":0,"parent":0,"menu_order":0,"comment_status":"closed","ping_status":"open","template":"","meta":{"footnotes":""},"class_list":["post-2","page","type-page","status-publish","hentry"],"_links":{"self":[{"href":"https:\/\/atangatchiffoandcolaw.com\/live\/wp-json\/wp\/v2\/pages\/2","targetHints":{"allow":["GET"]}}],"collection":[{"href":"https:\/\/atangatchiffoandcolaw.com\/live\/wp-json\/wp\/v2\/pages"}],"about":[{"href":"https:\/\/atangatchiffoandcolaw.com\/live\/wp-json\/wp\/v2\/types\/page"}],"author":[{"embeddable":true,"href":"https:\/\/atangatchiffoandcolaw.com\/live\/wp-json\/wp\/v2\/users\/1"}],"replies":[{"embeddable":true,"href":"https:\/\/atangatchiffoandcolaw.com\/live\/wp-json\/wp\/v2\/comments?post=2"}],"version-history":[{"count":15,"href":"https:\/\/atangatchiffoandcolaw.com\/live\/wp-json\/wp\/v2\/pages\/2\/revisions"}],"predecessor-version":[{"id":192,"href":"https:\/\/atangatchiffoandcolaw.com\/live\/wp-json\/wp\/v2\/pages\/2\/revisions\/192"}],"wp:attachment":[{"href":"https:\/\/atangatchiffoandcolaw.com\/live\/wp-json\/wp\/v2\/media?parent=2"}],"curies":[{"name":"wp","href":"https:\/\/api.w.org\/{rel}","templated":true}]}}